{"id":1081,"date":"2024-06-19T06:22:16","date_gmt":"2024-06-19T06:22:16","guid":{"rendered":"https:\/\/jointophat.com\/?page_id=1081"},"modified":"2024-06-19T06:29:08","modified_gmt":"2024-06-19T06:29:08","slug":"tina-huang","status":"publish","type":"page","link":"https:\/\/jointophat.com\/fr\/a-propos\/tina-huang\/","title":{"rendered":"Tina Huang"},"content":{"rendered":"<div data-elementor-type=\"wp-page\" data-elementor-id=\"1081\" class=\"elementor elementor-1081\" data-elementor-post-type=\"page\">\n\t\t\t\t<div class=\"elementor-element elementor-element-818a8a8 e-flex e-con-boxed e-con e-parent\" data-id=\"818a8a8\" data-element_type=\"container\" data-settings=\"{&quot;background_background&quot;:&quot;classic&quot;}\">\n\t\t\t\t\t<div class=\"e-con-inner\">\n\t\t<div class=\"elementor-element elementor-element-eacf938 e-flex e-con-boxed e-con e-child\" data-id=\"eacf938\" data-element_type=\"container\">\n\t\t\t\t\t<div class=\"e-con-inner\">\n\t\t\t\t<div class=\"elementor-element elementor-element-91481cb elementor-widget elementor-widget-heading\" data-id=\"91481cb\" data-element_type=\"widget\" data-widget_type=\"heading.default\">\n\t\t\t\t<div class=\"elementor-widget-container\">\n\t\t\t\t\t<h1 class=\"elementor-heading-title elementor-size-default\">Rejoignez le Top Leadership<\/h1>\t\t\t\t<\/div>\n\t\t\t\t<\/div>\n\t\t\t\t<div class=\"elementor-element elementor-element-48364a9 elementor-widget elementor-widget-html\" data-id=\"48364a9\" data-element_type=\"widget\" data-widget_type=\"html.default\">\n\t\t\t\t<div class=\"elementor-widget-container\">\n\t\t\t\t\t<!DOCTYPE html>\n<html>\n<head>\n    <style>\n        .breadcrumbs {\n            font-size: 18px;\n            font-weight: 600;\n            text-align: left;\n            color: white;\n            overflow-x: auto;\n            white-space: nowrap;\n        }\n        .breadcrumbs a {\n            color: white;\n            text-decoration: none;\n        }\n        \n        .breadcrumbs a:hover, .breadcrumbs a:last-child {\n            color: white; \/* Sets hover and last link (assumed current) color to gold *\/\n        }\n        .breadcrumbs span {\n            margin: 0 10px;\n        }\n    <\/style>\n<\/head>\n<body>\n    <div class=\"breadcrumbs\">\n        <a href=\"https:\/\/jointophat.com\/fr\/\">RejoignezTop<\/a> <span>-<\/span>\n        <a href=\"https:\/\/jointophat.com\/fr\/a-propos\/\">\u00c0 propos de nous<\/a>\n        <span>-<\/span>\n        <a>Tina Huang<\/a>\n    <\/div>\n<\/body>\n<\/html>\t\t\t\t<\/div>\n\t\t\t\t<\/div>\n\t\t\t\t\t<\/div>\n\t\t\t\t<\/div>\n\t\t<div class=\"elementor-element elementor-element-ae6eef7 e-flex e-con-boxed e-con e-child\" data-id=\"ae6eef7\" data-element_type=\"container\">\n\t\t\t\t\t<div class=\"e-con-inner\">\n\t\t<div class=\"elementor-element elementor-element-cedb67b e-flex e-con-boxed e-con e-child\" data-id=\"cedb67b\" data-element_type=\"container\">\n\t\t\t\t\t<div class=\"e-con-inner\">\n\t\t\t\t<div class=\"elementor-element elementor-element-2d5d39d elementor-widget elementor-widget-text-editor\" data-id=\"2d5d39d\" data-element_type=\"widget\" data-widget_type=\"text-editor.default\">\n\t\t\t\t<div class=\"elementor-widget-container\">\n\t\t\t\t\t\t\t\t\t<h2>Tina Huang<\/h2><h3>Fondateur de JoinTop<\/h3><p>Tina Huang est la visionnaire derri\u00e8re notre entreprise.<\/p><p>Passionn\u00e9e par l\u2019innovation et engag\u00e9e envers l\u2019excellence, Tina a fond\u00e9 notre entreprise avec une mission claire : r\u00e9volutionner l\u2019industrie de la chapellerie gr\u00e2ce \u00e0 la qualit\u00e9, la cr\u00e9ativit\u00e9 et la durabilit\u00e9.<\/p><p>Son d\u00e9vouement \u00e0 ces valeurs a propuls\u00e9 notre entreprise \u00e0 l\u2019avant-garde du march\u00e9, gagnant une r\u00e9putation de fiabilit\u00e9 et de style.<\/p><p>Forte de ses ann\u00e9es d\u2019exp\u00e9rience et d\u2019une attention constante \u00e0 la satisfaction du client, Tina dirige notre \u00e9quipe avec inspiration et dynamisme.<\/p><p>Elle croit au pouvoir d\u2019une grande \u00e9quipe et travaille en \u00e9troite collaboration avec chaque d\u00e9partement pour garantir que nos produits non seulement r\u00e9pondent aux attentes, mais les d\u00e9passent.<\/p><p>Sous sa direction, notre entreprise continue de cro\u00eetre, d\u2019innover et d\u2019\u00e9tablir de nouvelles normes dans l\u2019industrie.<\/p>\t\t\t\t\t\t\t\t<\/div>\n\t\t\t\t<\/div>\n\t\t\t\t\t<\/div>\n\t\t\t\t<\/div>\n\t\t<div class=\"elementor-element elementor-element-dcc397e e-flex e-con-boxed e-con e-child\" data-id=\"dcc397e\" data-element_type=\"container\">\n\t\t\t\t\t<div class=\"e-con-inner\">\n\t\t\t\t<div class=\"elementor-element elementor-element-0176e60 elementor-widget elementor-widget-image\" data-id=\"0176e60\" data-element_type=\"widget\" data-widget_type=\"image.default\">\n\t\t\t\t<div class=\"elementor-widget-container\">\n\t\t\t\t\t\t\t\t\t\t\t\t\t\t\t<img fetchpriority=\"high\" decoding=\"async\" width=\"681\" height=\"1024\" src=\"https:\/\/jointophat.com\/wp-content\/uploads\/2024\/06\/jointop-founder-tina-huang-681x1024.webp\" class=\"attachment-large size-large wp-image-1058\" alt=\"Tina Huang, fondatrice de Jointop\" srcset=\"https:\/\/jointophat.com\/wp-content\/uploads\/2024\/06\/jointop-founder-tina-huang-681x1024.webp 681w, https:\/\/jointophat.com\/wp-content\/uploads\/2024\/06\/jointop-founder-tina-huang-200x300.webp 200w, https:\/\/jointophat.com\/wp-content\/uploads\/2024\/06\/jointop-founder-tina-huang-768x1154.webp 768w, https:\/\/jointophat.com\/wp-content\/uploads\/2024\/06\/jointop-founder-tina-huang-1022x1536.webp 1022w, https:\/\/jointophat.com\/wp-content\/uploads\/2024\/06\/jointop-founder-tina-huang.webp 1331w\" sizes=\"(max-width: 681px) 100vw, 681px\" \/>\t\t\t\t\t\t\t\t\t\t\t\t\t\t\t<\/div>\n\t\t\t\t<\/div>\n\t\t\t\t\t<\/div>\n\t\t\t\t<\/div>\n\t\t\t\t\t<\/div>\n\t\t\t\t<\/div>\n\t\t\t\t\t<\/div>\n\t\t\t\t<\/div>\n\t\t\t\t<\/div>","protected":false},"excerpt":{"rendered":"<p>Rencontrez Tina Huang, notre fondatrice visionnaire qui se consacre \u00e0 r\u00e9volutionner l&#039;industrie de la chapellerie avec l&#039;innovation, la qualit\u00e9 et la durabilit\u00e9.<\/p>","protected":false},"author":1,"featured_media":1088,"parent":163,"menu_order":0,"comment_status":"closed","ping_status":"closed","template":"","meta":{"_monsterinsights_skip_tracking":false,"_monsterinsights_sitenote_active":false,"_monsterinsights_sitenote_note":"","_monsterinsights_sitenote_category":0,"footnotes":""},"class_list":["post-1081","page","type-page","status-publish","has-post-thumbnail","hentry"],"_links":{"self":[{"href":"https:\/\/jointophat.com\/fr\/wp-json\/wp\/v2\/pages\/1081","targetHints":{"allow":["GET"]}}],"collection":[{"href":"https:\/\/jointophat.com\/fr\/wp-json\/wp\/v2\/pages"}],"about":[{"href":"https:\/\/jointophat.com\/fr\/wp-json\/wp\/v2\/types\/page"}],"author":[{"embeddable":true,"href":"https:\/\/jointophat.com\/fr\/wp-json\/wp\/v2\/users\/1"}],"replies":[{"embeddable":true,"href":"https:\/\/jointophat.com\/fr\/wp-json\/wp\/v2\/comments?post=1081"}],"version-history":[{"count":5,"href":"https:\/\/jointophat.com\/fr\/wp-json\/wp\/v2\/pages\/1081\/revisions"}],"predecessor-version":[{"id":1089,"href":"https:\/\/jointophat.com\/fr\/wp-json\/wp\/v2\/pages\/1081\/revisions\/1089"}],"up":[{"embeddable":true,"href":"https:\/\/jointophat.com\/fr\/wp-json\/wp\/v2\/pages\/163"}],"wp:featuredmedia":[{"embeddable":true,"href":"https:\/\/jointophat.com\/fr\/wp-json\/wp\/v2\/media\/1088"}],"wp:attachment":[{"href":"https:\/\/jointophat.com\/fr\/wp-json\/wp\/v2\/media?parent=1081"}],"curies":[{"name":"wp","href":"https:\/\/api.w.org\/{rel}","templated":true}]}}