{"id":1092,"date":"2024-06-19T06:33:10","date_gmt":"2024-06-19T06:33:10","guid":{"rendered":"https:\/\/jointophat.com\/?page_id=1092"},"modified":"2024-06-19T06:35:51","modified_gmt":"2024-06-19T06:35:51","slug":"kerr-yang","status":"publish","type":"page","link":"https:\/\/jointophat.com\/tr\/hakkinda\/kerr-yang\/","title":{"rendered":"Kerr Yang"},"content":{"rendered":"<div data-elementor-type=\"wp-page\" data-elementor-id=\"1092\" class=\"elementor elementor-1092\" data-elementor-post-type=\"page\">\n\t\t\t\t<div class=\"elementor-element elementor-element-818a8a8 e-flex e-con-boxed e-con e-parent\" data-id=\"818a8a8\" data-element_type=\"container\" data-settings=\"{&quot;background_background&quot;:&quot;classic&quot;}\">\n\t\t\t\t\t<div class=\"e-con-inner\">\n\t\t<div class=\"elementor-element elementor-element-eacf938 e-flex e-con-boxed e-con e-child\" data-id=\"eacf938\" data-element_type=\"container\">\n\t\t\t\t\t<div class=\"e-con-inner\">\n\t\t\t\t<div class=\"elementor-element elementor-element-91481cb elementor-widget elementor-widget-heading\" data-id=\"91481cb\" data-element_type=\"widget\" data-widget_type=\"heading.default\">\n\t\t\t\t<div class=\"elementor-widget-container\">\n\t\t\t\t\t<h1 class=\"elementor-heading-title elementor-size-default\">En \u0130yi Liderli\u011fe Kat\u0131l\u0131n<\/h1>\t\t\t\t<\/div>\n\t\t\t\t<\/div>\n\t\t\t\t<div class=\"elementor-element elementor-element-48364a9 elementor-widget elementor-widget-html\" data-id=\"48364a9\" data-element_type=\"widget\" data-widget_type=\"html.default\">\n\t\t\t\t<div class=\"elementor-widget-container\">\n\t\t\t\t\t<!DOCTYPE html>\n<html>\n<head>\n    <style>\n        .breadcrumbs {\n            font-size: 18px;\n            font-weight: 600;\n            text-align: left;\n            color: white;\n            overflow-x: auto;\n            white-space: nowrap;\n        }\n        .breadcrumbs a {\n            color: white;\n            text-decoration: none;\n        }\n        \n        .breadcrumbs a:hover, .breadcrumbs a:last-child {\n            color: white; \/* Sets hover and last link (assumed current) color to gold *\/\n        }\n        .breadcrumbs span {\n            margin: 0 10px;\n        }\n    <\/style>\n<\/head>\n<body>\n    <div class=\"breadcrumbs\">\n        <a href=\"https:\/\/jointophat.com\/tr\/\">En \u00dcste Kat\u0131l<\/a> <span>-<\/span>\n        <a href=\"https:\/\/jointophat.com\/tr\/hakkinda\/\">Hakk\u0131m\u0131zda<\/a>\n        <span>-<\/span>\n        <a>Kerr Yang<\/a>\n    <\/div>\n<\/body>\n<\/html>\t\t\t\t<\/div>\n\t\t\t\t<\/div>\n\t\t\t\t\t<\/div>\n\t\t\t\t<\/div>\n\t\t<div class=\"elementor-element elementor-element-ae6eef7 e-flex e-con-boxed e-con e-child\" data-id=\"ae6eef7\" data-element_type=\"container\">\n\t\t\t\t\t<div class=\"e-con-inner\">\n\t\t<div class=\"elementor-element elementor-element-cedb67b e-flex e-con-boxed e-con e-child\" data-id=\"cedb67b\" data-element_type=\"container\">\n\t\t\t\t\t<div class=\"e-con-inner\">\n\t\t\t\t<div class=\"elementor-element elementor-element-2d5d39d elementor-widget elementor-widget-text-editor\" data-id=\"2d5d39d\" data-element_type=\"widget\" data-widget_type=\"text-editor.default\">\n\t\t\t\t<div class=\"elementor-widget-container\">\n\t\t\t\t\t\t\t\t\t<h2>Kerr Yang<\/h2><h3>JoinTop&#039;ta Pazarlama Direkt\u00f6r\u00fc<\/h3><p>Kerr Yang, pazarlama ekibimize e\u015fsiz uzmanl\u0131\u011f\u0131 ve yarat\u0131c\u0131l\u0131\u011f\u0131yla liderlik ediyor.<\/p><p>Marka stratejisi ve dijital pazarlama alan\u0131nda g\u00fc\u00e7l\u00fc bir ge\u00e7mi\u015fe sahip olan Kerr, markam\u0131z\u0131n b\u00fcy\u00fcmesi ve g\u00f6r\u00fcn\u00fcrl\u00fc\u011f\u00fcn\u00fcn artmas\u0131nda etkili oldu.<\/p><p>Yenilik\u00e7i kampanyalar\u0131 ve keskin pazar \u00f6ng\u00f6r\u00fcleri, rekabet\u00e7i \u015fapkac\u0131l\u0131k sekt\u00f6r\u00fcnde \u00f6nde kalmam\u0131z\u0131 sa\u011fl\u0131yor.<\/p><p>Hedef kitlemizle ba\u011flant\u0131 kurma konusunda tutkulu olan Kerr&#039;in dinamik yakla\u015f\u0131m\u0131, yeni zirvelere ula\u015fmam\u0131za ve m\u00fc\u015fterilerimizle kal\u0131c\u0131 ili\u015fkiler kurmam\u0131za yard\u0131mc\u0131 oluyor.<\/p>\t\t\t\t\t\t\t\t<\/div>\n\t\t\t\t<\/div>\n\t\t\t\t\t<\/div>\n\t\t\t\t<\/div>\n\t\t<div class=\"elementor-element elementor-element-dcc397e e-flex e-con-boxed e-con e-child\" data-id=\"dcc397e\" data-element_type=\"container\">\n\t\t\t\t\t<div class=\"e-con-inner\">\n\t\t\t\t<div class=\"elementor-element elementor-element-0176e60 elementor-widget elementor-widget-image\" data-id=\"0176e60\" data-element_type=\"widget\" data-widget_type=\"image.default\">\n\t\t\t\t<div class=\"elementor-widget-container\">\n\t\t\t\t\t\t\t\t\t\t\t\t\t\t\t<img fetchpriority=\"high\" decoding=\"async\" width=\"681\" height=\"1024\" src=\"https:\/\/jointophat.com\/wp-content\/uploads\/2024\/06\/WechatIMG6-681x1024.jpg\" class=\"attachment-large size-large wp-image-1059\" alt=\"WechatIMG6\" srcset=\"https:\/\/jointophat.com\/wp-content\/uploads\/2024\/06\/WechatIMG6-681x1024.jpg 681w, https:\/\/jointophat.com\/wp-content\/uploads\/2024\/06\/WechatIMG6-200x300.jpg 200w, https:\/\/jointophat.com\/wp-content\/uploads\/2024\/06\/WechatIMG6-768x1154.jpg 768w, https:\/\/jointophat.com\/wp-content\/uploads\/2024\/06\/WechatIMG6-1022x1536.jpg 1022w, https:\/\/jointophat.com\/wp-content\/uploads\/2024\/06\/WechatIMG6.jpg 1331w\" sizes=\"(max-width: 681px) 100vw, 681px\" \/>\t\t\t\t\t\t\t\t\t\t\t\t\t\t\t<\/div>\n\t\t\t\t<\/div>\n\t\t\t\t\t<\/div>\n\t\t\t\t<\/div>\n\t\t\t\t\t<\/div>\n\t\t\t\t<\/div>\n\t\t\t\t\t<\/div>\n\t\t\t\t<\/div>\n\t\t\t\t<\/div>","protected":false},"excerpt":{"rendered":"<p>Pazarlama Direkt\u00f6r\u00fcm\u00fcz Kerr Yang ile tan\u0131\u015f\u0131n. Yenilik\u00e7i stratejileri ve pazar i\u00e7g\u00f6r\u00fcleri markam\u0131z\u0131n b\u00fcy\u00fcmesini ve m\u00fc\u015fteri kat\u0131l\u0131m\u0131n\u0131 y\u00f6nlendiriyor.<\/p>","protected":false},"author":1,"featured_media":1097,"parent":163,"menu_order":0,"comment_status":"closed","ping_status":"closed","template":"elementor_header_footer","meta":{"_monsterinsights_skip_tracking":false,"_monsterinsights_sitenote_active":false,"_monsterinsights_sitenote_note":"","_monsterinsights_sitenote_category":0,"footnotes":""},"class_list":["post-1092","page","type-page","status-publish","has-post-thumbnail","hentry"],"_links":{"self":[{"href":"https:\/\/jointophat.com\/tr\/wp-json\/wp\/v2\/pages\/1092","targetHints":{"allow":["GET"]}}],"collection":[{"href":"https:\/\/jointophat.com\/tr\/wp-json\/wp\/v2\/pages"}],"about":[{"href":"https:\/\/jointophat.com\/tr\/wp-json\/wp\/v2\/types\/page"}],"author":[{"embeddable":true,"href":"https:\/\/jointophat.com\/tr\/wp-json\/wp\/v2\/users\/1"}],"replies":[{"embeddable":true,"href":"https:\/\/jointophat.com\/tr\/wp-json\/wp\/v2\/comments?post=1092"}],"version-history":[{"count":5,"href":"https:\/\/jointophat.com\/tr\/wp-json\/wp\/v2\/pages\/1092\/revisions"}],"predecessor-version":[{"id":1099,"href":"https:\/\/jointophat.com\/tr\/wp-json\/wp\/v2\/pages\/1092\/revisions\/1099"}],"up":[{"embeddable":true,"href":"https:\/\/jointophat.com\/tr\/wp-json\/wp\/v2\/pages\/163"}],"wp:featuredmedia":[{"embeddable":true,"href":"https:\/\/jointophat.com\/tr\/wp-json\/wp\/v2\/media\/1097"}],"wp:attachment":[{"href":"https:\/\/jointophat.com\/tr\/wp-json\/wp\/v2\/media?parent=1092"}],"curies":[{"name":"wp","href":"https:\/\/api.w.org\/{rel}","templated":true}]}}