{"id":1100,"date":"2024-06-19T06:37:46","date_gmt":"2024-06-19T06:37:46","guid":{"rendered":"https:\/\/jointophat.com\/?page_id=1100"},"modified":"2024-06-19T06:43:27","modified_gmt":"2024-06-19T06:43:27","slug":"yanki-wang","status":"publish","type":"page","link":"https:\/\/jointophat.com\/tr\/hakkinda\/yanki-wang\/","title":{"rendered":"Yank\u0131 Wang"},"content":{"rendered":"<div data-elementor-type=\"wp-page\" data-elementor-id=\"1100\" class=\"elementor elementor-1100\" data-elementor-post-type=\"page\">\n\t\t\t\t<div class=\"elementor-element elementor-element-818a8a8 e-flex e-con-boxed e-con e-parent\" data-id=\"818a8a8\" data-element_type=\"container\" data-settings=\"{&quot;background_background&quot;:&quot;classic&quot;}\">\n\t\t\t\t\t<div class=\"e-con-inner\">\n\t\t<div class=\"elementor-element elementor-element-eacf938 e-flex e-con-boxed e-con e-child\" data-id=\"eacf938\" data-element_type=\"container\">\n\t\t\t\t\t<div class=\"e-con-inner\">\n\t\t\t\t<div class=\"elementor-element elementor-element-91481cb elementor-widget elementor-widget-heading\" data-id=\"91481cb\" data-element_type=\"widget\" data-widget_type=\"heading.default\">\n\t\t\t\t<div class=\"elementor-widget-container\">\n\t\t\t\t\t<h1 class=\"elementor-heading-title elementor-size-default\">En \u0130yi Liderli\u011fe Kat\u0131l\u0131n<\/h1>\t\t\t\t<\/div>\n\t\t\t\t<\/div>\n\t\t\t\t<div class=\"elementor-element elementor-element-48364a9 elementor-widget elementor-widget-html\" data-id=\"48364a9\" data-element_type=\"widget\" data-widget_type=\"html.default\">\n\t\t\t\t<div class=\"elementor-widget-container\">\n\t\t\t\t\t<!DOCTYPE html>\n<html>\n<head>\n    <style>\n        .breadcrumbs {\n            font-size: 18px;\n            font-weight: 600;\n            text-align: left;\n            color: white;\n            overflow-x: auto;\n            white-space: nowrap;\n        }\n        .breadcrumbs a {\n            color: white;\n            text-decoration: none;\n        }\n        \n        .breadcrumbs a:hover, .breadcrumbs a:last-child {\n            color: white; \/* Sets hover and last link (assumed current) color to gold *\/\n        }\n        .breadcrumbs span {\n            margin: 0 10px;\n        }\n    <\/style>\n<\/head>\n<body>\n    <div class=\"breadcrumbs\">\n        <a href=\"https:\/\/jointophat.com\/tr\/\">En \u00dcste Kat\u0131l<\/a> <span>-<\/span>\n        <a href=\"https:\/\/jointophat.com\/tr\/hakkinda\/\">Hakk\u0131m\u0131zda<\/a>\n        <span>-<\/span>\n        <a>Yank\u0131 Wang<\/a>\n    <\/div>\n<\/body>\n<\/html>\t\t\t\t<\/div>\n\t\t\t\t<\/div>\n\t\t\t\t\t<\/div>\n\t\t\t\t<\/div>\n\t\t<div class=\"elementor-element elementor-element-ae6eef7 e-flex e-con-boxed e-con e-child\" data-id=\"ae6eef7\" data-element_type=\"container\">\n\t\t\t\t\t<div class=\"e-con-inner\">\n\t\t<div class=\"elementor-element elementor-element-cedb67b e-flex e-con-boxed e-con e-child\" data-id=\"cedb67b\" data-element_type=\"container\">\n\t\t\t\t\t<div class=\"e-con-inner\">\n\t\t\t\t<div class=\"elementor-element elementor-element-2d5d39d elementor-widget elementor-widget-text-editor\" data-id=\"2d5d39d\" data-element_type=\"widget\" data-widget_type=\"text-editor.default\">\n\t\t\t\t<div class=\"elementor-widget-container\">\n\t\t\t\t\t\t\t\t\t<h2>Yank\u0131 Wang<\/h2><h3>JoinTop&#039;ta Sat\u0131\u015f Direkt\u00f6r\u00fc<\/h3><p>Sat\u0131\u015f Direkt\u00f6r\u00fcm\u00fcz Echo Wang, ekibimize e\u015fsiz bir uzmanl\u0131k ve \u00f6zveri getiriyor.<\/p><p>Pazar dinamiklerini ve m\u00fc\u015fteri ihtiya\u00e7lar\u0131n\u0131 iyi anlayan Echo, t\u00fcm m\u00fc\u015fterilerine ola\u011fan\u00fcst\u00fc hizmet ve memnuniyet sa\u011flar.<\/p><p>Stratejik yakla\u015f\u0131m\u0131 ve liderli\u011fi, sat\u0131\u015f ba\u015far\u0131m\u0131z\u0131 y\u00f6nlendiriyor, m\u00fc\u015fteri ili\u015fkilerimizi g\u00fc\u00e7lendiriyor ve uzun vadeli ortakl\u0131klar kurulmas\u0131n\u0131 sa\u011fl\u0131yor.<\/p><p>Echo&#039;nun m\u00fckemmelli\u011fe olan ba\u011fl\u0131l\u0131\u011f\u0131 onu organizasyonumuz i\u00e7in paha bi\u00e7ilmez bir varl\u0131k haline getiriyor.<\/p>\t\t\t\t\t\t\t\t<\/div>\n\t\t\t\t<\/div>\n\t\t\t\t\t<\/div>\n\t\t\t\t<\/div>\n\t\t<div class=\"elementor-element elementor-element-dcc397e e-flex e-con-boxed e-con e-child\" data-id=\"dcc397e\" data-element_type=\"container\">\n\t\t\t\t\t<div class=\"e-con-inner\">\n\t\t\t\t<div class=\"elementor-element elementor-element-0176e60 elementor-widget elementor-widget-image\" data-id=\"0176e60\" data-element_type=\"widget\" data-widget_type=\"image.default\">\n\t\t\t\t<div class=\"elementor-widget-container\">\n\t\t\t\t\t\t\t\t\t\t\t\t\t\t\t<img fetchpriority=\"high\" decoding=\"async\" width=\"684\" height=\"1024\" src=\"https:\/\/jointophat.com\/wp-content\/uploads\/2024\/06\/jointop-head-of-sales-echo-wang-684x1024.webp\" class=\"attachment-large size-large wp-image-1061\" alt=\"ortak sat\u0131\u015f ba\u015fkan\u0131 echo wang\" srcset=\"https:\/\/jointophat.com\/wp-content\/uploads\/2024\/06\/jointop-head-of-sales-echo-wang-684x1024.webp 684w, https:\/\/jointophat.com\/wp-content\/uploads\/2024\/06\/jointop-head-of-sales-echo-wang-200x300.webp 200w, https:\/\/jointophat.com\/wp-content\/uploads\/2024\/06\/jointop-head-of-sales-echo-wang-768x1150.webp 768w, https:\/\/jointophat.com\/wp-content\/uploads\/2024\/06\/jointop-head-of-sales-echo-wang-1025x1536.webp 1025w, https:\/\/jointophat.com\/wp-content\/uploads\/2024\/06\/jointop-head-of-sales-echo-wang-1367x2048.webp 1367w, https:\/\/jointophat.com\/wp-content\/uploads\/2024\/06\/jointop-head-of-sales-echo-wang-scaled.webp 1709w\" sizes=\"(max-width: 684px) 100vw, 684px\" \/>\t\t\t\t\t\t\t\t\t\t\t\t\t\t\t<\/div>\n\t\t\t\t<\/div>\n\t\t\t\t\t<\/div>\n\t\t\t\t<\/div>\n\t\t\t\t\t<\/div>\n\t\t\t\t<\/div>\n\t\t\t\t\t<\/div>\n\t\t\t\t<\/div>\n\t\t\t\t<\/div>","protected":false},"excerpt":{"rendered":"<p>Ola\u011fan\u00fcst\u00fc hizmete ve stratejik sat\u0131\u015f ba\u015far\u0131s\u0131na adanm\u0131\u015f Sat\u0131\u015f Direkt\u00f6r\u00fcm\u00fcz Echo Wang ile tan\u0131\u015f\u0131n. Uzmanl\u0131\u011f\u0131n\u0131 ve m\u00fckemmelli\u011fe olan ba\u011fl\u0131l\u0131\u011f\u0131n\u0131 ke\u015ffedin.<\/p>","protected":false},"author":1,"featured_media":1115,"parent":163,"menu_order":0,"comment_status":"closed","ping_status":"closed","template":"elementor_header_footer","meta":{"_monsterinsights_skip_tracking":false,"_monsterinsights_sitenote_active":false,"_monsterinsights_sitenote_note":"","_monsterinsights_sitenote_category":0,"footnotes":""},"class_list":["post-1100","page","type-page","status-publish","has-post-thumbnail","hentry"],"_links":{"self":[{"href":"https:\/\/jointophat.com\/tr\/wp-json\/wp\/v2\/pages\/1100","targetHints":{"allow":["GET"]}}],"collection":[{"href":"https:\/\/jointophat.com\/tr\/wp-json\/wp\/v2\/pages"}],"about":[{"href":"https:\/\/jointophat.com\/tr\/wp-json\/wp\/v2\/types\/page"}],"author":[{"embeddable":true,"href":"https:\/\/jointophat.com\/tr\/wp-json\/wp\/v2\/users\/1"}],"replies":[{"embeddable":true,"href":"https:\/\/jointophat.com\/tr\/wp-json\/wp\/v2\/comments?post=1100"}],"version-history":[{"count":8,"href":"https:\/\/jointophat.com\/tr\/wp-json\/wp\/v2\/pages\/1100\/revisions"}],"predecessor-version":[{"id":1117,"href":"https:\/\/jointophat.com\/tr\/wp-json\/wp\/v2\/pages\/1100\/revisions\/1117"}],"up":[{"embeddable":true,"href":"https:\/\/jointophat.com\/tr\/wp-json\/wp\/v2\/pages\/163"}],"wp:featuredmedia":[{"embeddable":true,"href":"https:\/\/jointophat.com\/tr\/wp-json\/wp\/v2\/media\/1115"}],"wp:attachment":[{"href":"https:\/\/jointophat.com\/tr\/wp-json\/wp\/v2\/media?parent=1100"}],"curies":[{"name":"wp","href":"https:\/\/api.w.org\/{rel}","templated":true}]}}